{"id":6088,"date":"2022-11-11T16:47:15","date_gmt":"2022-11-11T15:47:15","guid":{"rendered":"http:\/\/staging.schumacher-quartier.de\/biodiversity\/"},"modified":"2024-10-21T15:52:07","modified_gmt":"2024-10-21T13:52:07","slug":"biodiversity","status":"publish","type":"page","link":"https:\/\/staging.schumacher-quartier.de\/en\/biodiversity\/","title":{"rendered":"Biodiversity"},"content":{"rendered":"\t\t<div data-elementor-type=\"wp-page\" data-elementor-id=\"6088\" class=\"elementor elementor-6088 elementor-3171\" data-elementor-settings=\"{&quot;element_pack_global_tooltip_width&quot;:{&quot;unit&quot;:&quot;px&quot;,&quot;size&quot;:&quot;&quot;,&quot;sizes&quot;:[]},&quot;element_pack_global_tooltip_width_tablet&quot;:{&quot;unit&quot;:&quot;px&quot;,&quot;size&quot;:&quot;&quot;,&quot;sizes&quot;:[]},&quot;element_pack_global_tooltip_width_mobile&quot;:{&quot;unit&quot;:&quot;px&quot;,&quot;size&quot;:&quot;&quot;,&quot;sizes&quot;:[]},&quot;element_pack_global_tooltip_padding&quot;:{&quot;unit&quot;:&quot;px&quot;,&quot;top&quot;:&quot;&quot;,&quot;right&quot;:&quot;&quot;,&quot;bottom&quot;:&quot;&quot;,&quot;left&quot;:&quot;&quot;,&quot;isLinked&quot;:true},&quot;element_pack_global_tooltip_padding_tablet&quot;:{&quot;unit&quot;:&quot;px&quot;,&quot;top&quot;:&quot;&quot;,&quot;right&quot;:&quot;&quot;,&quot;bottom&quot;:&quot;&quot;,&quot;left&quot;:&quot;&quot;,&quot;isLinked&quot;:true},&quot;element_pack_global_tooltip_padding_mobile&quot;:{&quot;unit&quot;:&quot;px&quot;,&quot;top&quot;:&quot;&quot;,&quot;right&quot;:&quot;&quot;,&quot;bottom&quot;:&quot;&quot;,&quot;left&quot;:&quot;&quot;,&quot;isLinked&quot;:true},&quot;element_pack_global_tooltip_border_radius&quot;:{&quot;unit&quot;:&quot;px&quot;,&quot;top&quot;:&quot;&quot;,&quot;right&quot;:&quot;&quot;,&quot;bottom&quot;:&quot;&quot;,&quot;left&quot;:&quot;&quot;,&quot;isLinked&quot;:true},&quot;element_pack_global_tooltip_border_radius_tablet&quot;:{&quot;unit&quot;:&quot;px&quot;,&quot;top&quot;:&quot;&quot;,&quot;right&quot;:&quot;&quot;,&quot;bottom&quot;:&quot;&quot;,&quot;left&quot;:&quot;&quot;,&quot;isLinked&quot;:true},&quot;element_pack_global_tooltip_border_radius_mobile&quot;:{&quot;unit&quot;:&quot;px&quot;,&quot;top&quot;:&quot;&quot;,&quot;right&quot;:&quot;&quot;,&quot;bottom&quot;:&quot;&quot;,&quot;left&quot;:&quot;&quot;,&quot;isLinked&quot;:true}}\" data-elementor-post-type=\"page\">\n\t\t\t\t\t\t<section class=\"elementor-section elementor-top-section elementor-element elementor-element-e2e0039 elementor-section-height-min-height elementor-section-items-bottom elementor-section-full_width elementor-section-height-default\" data-id=\"e2e0039\" data-element_type=\"section\" data-settings=\"{&quot;background_background&quot;:&quot;classic&quot;}\">\n\t\t\t\t\t\t<div class=\"elementor-container elementor-column-gap-default\">\n\t\t\t\t\t<div class=\"elementor-column elementor-col-50 elementor-top-column elementor-element elementor-element-385e228b\" data-id=\"385e228b\" data-element_type=\"column\" data-settings=\"{&quot;background_background&quot;:&quot;classic&quot;}\">\n\t\t\t<div class=\"elementor-widget-wrap elementor-element-populated\">\n\t\t\t\t\t\t<div class=\"elementor-element elementor-element-3944585d elementor-widget__width-initial elementor-widget elementor-widget-heading\" data-id=\"3944585d\" data-element_type=\"widget\" data-widget_type=\"heading.default\">\n\t\t\t\t<div class=\"elementor-widget-container\">\n\t\t\t\t\t<h1 class=\"elementor-heading-title elementor-size-default\">Biodiversity<\/h1>\t\t\t\t<\/div>\n\t\t\t\t<\/div>\n\t\t\t\t<div class=\"elementor-element elementor-element-9aaa83d elementor-widget elementor-widget-heading\" data-id=\"9aaa83d\" data-element_type=\"widget\" data-widget_type=\"heading.default\">\n\t\t\t\t<div class=\"elementor-widget-container\">\n\t\t\t\t\t<h2 class=\"elementor-heading-title elementor-size-default\">Building for people<\/h2>\t\t\t\t<\/div>\n\t\t\t\t<\/div>\n\t\t\t\t\t<\/div>\n\t\t<\/div>\n\t\t\t\t<div class=\"elementor-column elementor-col-50 elementor-top-column elementor-element elementor-element-5e4a7262\" data-id=\"5e4a7262\" data-element_type=\"column\">\n\t\t\t<div class=\"elementor-widget-wrap elementor-element-populated\">\n\t\t\t\t\t\t<div class=\"elementor-element elementor-element-1dd84e2e elementor-widget elementor-widget-image\" data-id=\"1dd84e2e\" data-element_type=\"widget\" data-widget_type=\"image.default\">\n\t\t\t\t<div class=\"elementor-widget-container\">\n\t\t\t\t\t\t\t\t\t\t\t\t\t\t\t<img decoding=\"async\" width=\"100\" height=\"100\" src=\"http:\/\/staging.schumacher-quartier.de\/wp-content\/uploads\/2022\/11\/menschen_3_z_icon-1.svg\" class=\"attachment-large size-large wp-image-3016\" alt=\"\" \/>\t\t\t\t\t\t\t\t\t\t\t\t\t\t\t<\/div>\n\t\t\t\t<\/div>\n\t\t\t\t\t<\/div>\n\t\t<\/div>\n\t\t\t\t\t<\/div>\n\t\t<\/section>\n\t\t\t\t<section class=\"elementor-section elementor-top-section elementor-element elementor-element-a3f6a95 elementor-section-boxed elementor-section-height-default elementor-section-height-default\" data-id=\"a3f6a95\" data-element_type=\"section\" data-settings=\"{&quot;background_background&quot;:&quot;classic&quot;,&quot;shape_divider_bottom&quot;:&quot;tilt&quot;}\">\n\t\t\t\t\t<div class=\"elementor-shape elementor-shape-bottom\" aria-hidden=\"true\" data-negative=\"false\">\n\t\t\t<svg xmlns=\"http:\/\/www.w3.org\/2000\/svg\" viewBox=\"0 0 1000 100\" preserveAspectRatio=\"none\">\n\t<path class=\"elementor-shape-fill\" d=\"M0,6V0h1000v100L0,6z\"\/>\n<\/svg>\t\t<\/div>\n\t\t\t\t\t<div class=\"elementor-container elementor-column-gap-default\">\n\t\t\t\t\t<div class=\"elementor-column elementor-col-100 elementor-top-column elementor-element elementor-element-1fa9de1\" data-id=\"1fa9de1\" data-element_type=\"column\">\n\t\t\t<div class=\"elementor-widget-wrap elementor-element-populated\">\n\t\t\t\t\t\t<div class=\"elementor-element elementor-element-4e1050f elementor-widget__width-initial elementor-widget elementor-widget-text-editor\" data-id=\"4e1050f\" data-element_type=\"widget\" data-widget_type=\"text-editor.default\">\n\t\t\t\t<div class=\"elementor-widget-container\">\n\t\t\t\t\t\t\t\t\t<h3>Our cities continue to grow and grow. But what about nature? In Schumacher Quartier we put great emphasis on a design that gives living space to animals and right in the middle of the city.  <\/h3>\n\t\t\t\t\t\t\t\t<\/div>\n\t\t\t\t<\/div>\n\t\t\t\t\t<\/div>\n\t\t<\/div>\n\t\t\t\t\t<\/div>\n\t\t<\/section>\n\t\t\t\t<section class=\"elementor-section elementor-top-section elementor-element elementor-element-0a81cf1 elementor-section-boxed elementor-section-height-default elementor-section-height-default\" data-id=\"0a81cf1\" data-element_type=\"section\">\n\t\t\t\t\t\t<div class=\"elementor-container elementor-column-gap-custom\">\n\t\t\t\t\t<div class=\"elementor-column elementor-col-100 elementor-top-column elementor-element elementor-element-c4c3931\" data-id=\"c4c3931\" data-element_type=\"column\">\n\t\t\t<div class=\"elementor-widget-wrap elementor-element-populated\">\n\t\t\t\t\t\t<div class=\"elementor-element elementor-element-16af6f4 elementor-widget elementor-widget-text-editor\" data-id=\"16af6f4\" data-element_type=\"widget\" data-widget_type=\"text-editor.default\">\n\t\t\t\t<div class=\"elementor-widget-container\">\n\t\t\t\t\t\t\t\t\t<p>The Earth is increasingly being shaped by cities. According to UN estimates, by 2050 the populations living in urban centers worldwide will grow by 2.5 billion people. But where does nature fit in with this growth in large cities? A close look shows the following: Nature is already right in the midst of our cities &#8211; from moths to bats!    <\/p>\n<p>In future this will mean consciously shaping and using urban nature to preserve and enrich species diversity. In urban planning the issue of biodiversity is still a completely new one, and with Animal-Aided Design it is being specifically integrated into the Schumacher Quartier.  <\/p>\n<p>Animal-Aided Design is a proprietary term of the landscape design company bgmr Landschaftsarchitekten with Polinna Hauck GbR &#8211; Studio Animal-Aided Design. It is a planning method in which open spaces and buildings are designed in such a way that the needs of specific animal species are met. At the same time, the residents of the Quartier are able to rediscover nature.  <\/p>\n\t\t\t\t\t\t\t\t<\/div>\n\t\t\t\t<\/div>\n\t\t\t\t<div class=\"elementor-element elementor-element-8462cf2 elementor-widget elementor-widget-heading\" data-id=\"8462cf2\" data-element_type=\"widget\" data-widget_type=\"heading.default\">\n\t\t\t\t<div class=\"elementor-widget-container\">\n\t\t\t\t\t<h2 class=\"elementor-heading-title elementor-size-default\">14 target species for the Schumacher Quartier<\/h2>\t\t\t\t<\/div>\n\t\t\t\t<\/div>\n\t\t\t\t<div class=\"elementor-element elementor-element-5da7ed3 elementor-widget elementor-widget-text-editor\" data-id=\"5da7ed3\" data-element_type=\"widget\" data-widget_type=\"text-editor.default\">\n\t\t\t\t<div class=\"elementor-widget-container\">\n\t\t\t\t\t\t\t\t\t<p>Experts have identified 14 promising target species for the Schumacher Quartier. Living conditions appropriate to these species are being created for them in the adjacent Landscape Park on the site of the former airport. <\/p>\n\t\t\t\t\t\t\t\t<\/div>\n\t\t\t\t<\/div>\n\t\t\t\t<div class=\"elementor-element elementor-element-84a1fbe skin--default skin--tablet-default skin--mobile-default elementor-widget elementor-widget-bdt-image-accordion\" data-id=\"84a1fbe\" data-element_type=\"widget\" data-widget_type=\"bdt-image-accordion.default\">\n\t\t\t\t<div class=\"elementor-widget-container\">\n\t\t\t\t\t\n\t\t<div id=\"bdt-ep-image-accordion-84a1fbe\" class=\"bdt-ep-image-accordion\" data-settings=\"{&quot;tabs_id&quot;:&quot;bdt-ep-image-accordion-84a1fbe&quot;,&quot;mouse_event&quot;:&quot;mouseover&quot;}\">\n\t\t\t\n\t\t\t\t\t\t\t\t\t<div class=\"bdt-ep-image-accordion-item\" style=\"background-image: url('http:\/\/staging.schumacher-quartier.de\/wp-content\/uploads\/2022\/11\/bio_eichhoernchen.jpg');\">\n\t\t\t\t\t\t\t\t\t\t\t\t        <div class=\"bdt-ep-image-accordion-content\">\n\t\t\t\t\t\t\t<div class=\"bdt-ep-image-accordion-sub-title\">\n\t\t\t\t\t2\t\t\t\t<\/div>\n\t\t\t\n\t\t\t\t\t\t\t\t\t\t\t\t<h2 class=\"bdt-ep-image-accordion-title\">\n\t\t\t\t\t\tS\u00e4ugetier-Arten\t\t\t\t\t<\/h2>\n\t\t\t\t\t\t\t\n\t\t\t\t\t\t\t<div class=\"bdt-ep-image-accordion-text\">\n\t\t\t\t\t<p>Eichh\u00f6rnchen, Breitfl\u00fcgel-Fledermaus<\/p>\t\t\t\t<\/div>\n\t\t\t\n\t\t\t\t\t<\/div>\n        \t\t\t\t\t<\/div>\n\t\t\t\t\n\t\t\t\n\t\t\t\t\t\t\t\t\t<div class=\"bdt-ep-image-accordion-item\" style=\"background-image: url('http:\/\/staging.schumacher-quartier.de\/wp-content\/uploads\/2022\/11\/bio_vogel.jpg');\">\n\t\t\t\t\t\t\t\t\t\t\t\t        <div class=\"bdt-ep-image-accordion-content\">\n\t\t\t\t\t\t\t<div class=\"bdt-ep-image-accordion-sub-title\">\n\t\t\t\t\t6\t\t\t\t<\/div>\n\t\t\t\n\t\t\t\t\t\t\t\t\t\t\t\t<h2 class=\"bdt-ep-image-accordion-title\">\n\t\t\t\t\t\tVogel-Arten\t\t\t\t\t<\/h2>\n\t\t\t\t\t\t\t\n\t\t\t\t\t\t\t<div class=\"bdt-ep-image-accordion-text\">\n\t\t\t\t\t<p>Nachtigall, Haubenlerche, Star, Haussperling, Mauersegler, Turmfalke<\/p>\t\t\t\t<\/div>\n\t\t\t\n\t\t\t\t\t<\/div>\n        \t\t\t\t\t<\/div>\n\t\t\t\t\n\t\t\t\n\t\t\t\t\t\t\t\t\t<div class=\"bdt-ep-image-accordion-item\" style=\"background-image: url('http:\/\/staging.schumacher-quartier.de\/wp-content\/uploads\/2022\/11\/bio_kroete.jpg');\">\n\t\t\t\t\t\t\t\t\t\t\t\t        <div class=\"bdt-ep-image-accordion-content\">\n\t\t\t\t\t\t\t<div class=\"bdt-ep-image-accordion-sub-title\">\n\t\t\t\t\t1\t\t\t\t<\/div>\n\t\t\t\n\t\t\t\t\t\t\t\t\t\t\t\t<h2 class=\"bdt-ep-image-accordion-title\">\n\t\t\t\t\t\tAmphibien-Art\t\t\t\t\t<\/h2>\n\t\t\t\t\t\t\t\n\t\t\t\t\t\t\t<div class=\"bdt-ep-image-accordion-text\">\n\t\t\t\t\t<p>Wechselkr\u00f6te<\/p>\t\t\t\t<\/div>\n\t\t\t\n\t\t\t\t\t<\/div>\n        \t\t\t\t\t<\/div>\n\t\t\t\t\n\t\t\t\n\t\t\t\t\t\t\t\t\t<div class=\"bdt-ep-image-accordion-item\" style=\"background-image: url('http:\/\/staging.schumacher-quartier.de\/wp-content\/uploads\/2022\/11\/bio_insekt.jpg');\">\n\t\t\t\t\t\t\t\t\t\t\t\t        <div class=\"bdt-ep-image-accordion-content\">\n\t\t\t\t\t\t\t<div class=\"bdt-ep-image-accordion-sub-title\">\n\t\t\t\t\t5\t\t\t\t<\/div>\n\t\t\t\n\t\t\t\t\t\t\t\t\t\t\t\t<h2 class=\"bdt-ep-image-accordion-title\">\n\t\t\t\t\t\tInsekten-Arten\t\t\t\t\t<\/h2>\n\t\t\t\t\t\t\t\n\t\t\t\t\t\t\t<div class=\"bdt-ep-image-accordion-text\">\n\t\t\t\t\t<p>Schwalbenschwanz, Kleiner Sonnenr\u00f6schen-Bl\u00e4uling, Liguster-Schw\u00e4rmer, Rotbeinige K\u00f6rbchen-Sandbiene, Nachtigall-Grash\u00fcpfer<\/p>\t\t\t\t<\/div>\n\t\t\t\n\t\t\t\t\t<\/div>\n        \t\t\t\t\t<\/div>\n\t\t\t\t\n\t\t\t\t\t<\/div>\n\t\t\t\t\t\t<\/div>\n\t\t\t\t<\/div>\n\t\t\t\t<div class=\"elementor-element elementor-element-b866547 elementor-widget elementor-widget-text-editor\" data-id=\"b866547\" data-element_type=\"widget\" data-widget_type=\"text-editor.default\">\n\t\t\t\t<div class=\"elementor-widget-container\">\n\t\t\t\t\t\t\t\t\t<p>Open spaces and street areas as well as roofs and building facades are important habitats for the selected target species. Streets and squares are important for their populations to propagate and interact. This is why the configuration of parks and streets creates good conditions in which animals can easily find sufficient food and shelter.  <\/p>\n<p>In the private construction lots the diverse structures of planted courtyards, roofs, and facades make their own contribution to an abundance of wildlife, for example by incorporating breeding cavities and nesting aids. Furthermore, high-rise buildings are very good habitat for kestrels and jackdaws, while the planted green facades of the special stone modules (\u201cmobility hubs\u201d on Kurt-Schumacher-Damm or the education campus) provide excellent living conditions for colonial breeders such as starlings. <\/p>\n\t\t\t\t\t\t\t\t<\/div>\n\t\t\t\t<\/div>\n\t\t\t\t\t<\/div>\n\t\t<\/div>\n\t\t\t\t\t<\/div>\n\t\t<\/section>\n\t\t\t\t<section class=\"elementor-section elementor-top-section elementor-element elementor-element-9f1eec0 elementor-section-boxed elementor-section-height-default elementor-section-height-default\" data-id=\"9f1eec0\" data-element_type=\"section\" data-settings=\"{&quot;background_background&quot;:&quot;classic&quot;,&quot;shape_divider_top&quot;:&quot;tilt&quot;}\">\n\t\t\t\t\t<div class=\"elementor-shape elementor-shape-top\" aria-hidden=\"true\" data-negative=\"false\">\n\t\t\t<svg xmlns=\"http:\/\/www.w3.org\/2000\/svg\" viewBox=\"0 0 1000 100\" preserveAspectRatio=\"none\">\n\t<path class=\"elementor-shape-fill\" d=\"M0,6V0h1000v100L0,6z\"\/>\n<\/svg>\t\t<\/div>\n\t\t\t\t\t<div class=\"elementor-container elementor-column-gap-default\">\n\t\t\t\t\t<div class=\"elementor-column elementor-col-100 elementor-top-column elementor-element elementor-element-0063bd2\" data-id=\"0063bd2\" data-element_type=\"column\">\n\t\t\t<div class=\"elementor-widget-wrap elementor-element-populated\">\n\t\t\t\t\t\t<section class=\"elementor-section elementor-inner-section elementor-element elementor-element-85784ca elementor-section-boxed elementor-section-height-default elementor-section-height-default\" data-id=\"85784ca\" data-element_type=\"section\">\n\t\t\t\t\t\t<div class=\"elementor-container elementor-column-gap-default\">\n\t\t\t\t\t<div class=\"elementor-column elementor-col-100 elementor-inner-column elementor-element elementor-element-e373bff\" data-id=\"e373bff\" data-element_type=\"column\">\n\t\t\t<div class=\"elementor-widget-wrap elementor-element-populated\">\n\t\t\t\t\t\t<div class=\"elementor-element elementor-element-34e4ca1 elementor-widget elementor-widget-shortcode\" data-id=\"34e4ca1\" data-element_type=\"widget\" data-widget_type=\"shortcode.default\">\n\t\t\t\t<div class=\"elementor-widget-container\">\n\t\t\t\t\t\t\t<div class=\"elementor-shortcode\">\n\n\n<div id=\"wpv-view-layout-2588-CATTR7e2e50cfe06802f898a48e3346d6d777\" class=\"js-wpv-view-layout js-wpv-layout-responsive js-wpv-view-layout-2588-CATTR7e2e50cfe06802f898a48e3346d6d777\" data-viewnumber=\"2588-CATTR7e2e50cfe06802f898a48e3346d6d777\" data-pagination=\"{&quot;id&quot;:2588,&quot;query&quot;:&quot;normal&quot;,&quot;type&quot;:&quot;disabled&quot;,&quot;effect&quot;:&quot;fade&quot;,&quot;duration&quot;:500,&quot;speed&quot;:5,&quot;pause_on_hover&quot;:&quot;enabled&quot;,&quot;stop_rollover&quot;:&quot;false&quot;,&quot;cache_pages&quot;:&quot;enabled&quot;,&quot;preload_images&quot;:&quot;enabled&quot;,&quot;preload_pages&quot;:&quot;enabled&quot;,&quot;preload_reach&quot;:1,&quot;spinner&quot;:&quot;builtin&quot;,&quot;spinner_image&quot;:&quot;https:\/\/utr.txl.web-republic.de\/wp-content\/plugins\/wp-views\/embedded\/res\/img\/ajax-loader.gif&quot;,&quot;callback_next&quot;:&quot;&quot;,&quot;manage_history&quot;:&quot;enabled&quot;,&quot;has_controls_in_form&quot;:&quot;disabled&quot;,&quot;infinite_tolerance&quot;:&quot;0&quot;,&quot;max_pages&quot;:0,&quot;page&quot;:1,&quot;base_permalink&quot;:&quot;\/en\/wp-json\/wp\/v2\/pages\/6088?wpv_view_count=2588-CATTR7e2e50cfe06802f898a48e3346d6d777&amp;wpv_paged=WPV_PAGE_NUM&quot;,&quot;loop&quot;:{&quot;type&quot;:&quot;&quot;,&quot;name&quot;:&quot;&quot;,&quot;data&quot;:[],&quot;id&quot;:0}}\" data-permalink=\"\/en\/wp-json\/wp\/v2\/pages\/6088?wpv_view_count=2588-CATTR7e2e50cfe06802f898a48e3346d6d777\">\n\n\t\n<h3 class=\"d-h3\">Downloads on the topic<\/h3>\n\t\n\t\n\t\t<div class=\"download-box\">\n  <div class=\"row\">\n    <div class=\"col-md-6 down-text\">\n  <h3 class=\"download-h3\">Biodiversity concept<\/h3>\n      \n      <p>The comprehensive concept for biodiversity and animal-aided design in the Schumacher Quarter.<\/p>\n\n      <div class=\"download-link\"><a href=\"http:\/\/staging.schumacher-quartier.de\/wp-content\/uploads\/2023\/05\/221123_Biodiversitaet_EN.pdf\" download><i class=\"download-icon\" aria-hidden=\"true\"><\/i>Download PDF<\/a><\/div>\n    <\/div>\n    \n    \n    <div class=\"col-md-6 down-image\" style=\"background-image: url('http:\/\/staging.schumacher-quartier.de\/wp-content\/uploads\/2022\/12\/Biodiversitaet.png');\"><div class=\"copyright\">[media-field output=&#8221;caption&#8221;]http:\/\/staging.schumacher-quartier.de\/wp-content\/uploads\/2022\/12\/Biodiversitaet.png[\/media-field]<\/div><\/div>\n    \n  <\/div>\n<\/div>\n\t\n\t\n\t\n\t\n<\/div>\n<\/div>\n\t\t\t\t\t\t<\/div>\n\t\t\t\t<\/div>\n\t\t\t\t\t<\/div>\n\t\t<\/div>\n\t\t\t\t\t<\/div>\n\t\t<\/section>\n\t\t\t\t<section class=\"elementor-section elementor-inner-section elementor-element elementor-element-8e9732d elementor-section-boxed elementor-section-height-default elementor-section-height-default\" data-id=\"8e9732d\" data-element_type=\"section\">\n\t\t\t\t\t\t<div class=\"elementor-container elementor-column-gap-default\">\n\t\t\t\t\t<div class=\"elementor-column elementor-col-100 elementor-inner-column elementor-element elementor-element-a69c6b2\" data-id=\"a69c6b2\" data-element_type=\"column\">\n\t\t\t<div class=\"elementor-widget-wrap elementor-element-populated\">\n\t\t\t\t\t\t<div class=\"elementor-element elementor-element-d216650 elementor-widget elementor-widget-shortcode\" data-id=\"d216650\" data-element_type=\"widget\" data-widget_type=\"shortcode.default\">\n\t\t\t\t<div class=\"elementor-widget-container\">\n\t\t\t\t\t\t\t<div class=\"elementor-shortcode\">\n\n\n<div id=\"wpv-view-layout-1943-CATTR7e2e50cfe06802f898a48e3346d6d777\" class=\"js-wpv-view-layout js-wpv-layout-responsive js-wpv-view-layout-1943-CATTR7e2e50cfe06802f898a48e3346d6d777\" data-viewnumber=\"1943-CATTR7e2e50cfe06802f898a48e3346d6d777\" data-pagination=\"{&quot;id&quot;:1943,&quot;query&quot;:&quot;normal&quot;,&quot;type&quot;:&quot;disabled&quot;,&quot;effect&quot;:&quot;fade&quot;,&quot;duration&quot;:500,&quot;speed&quot;:5,&quot;pause_on_hover&quot;:&quot;enabled&quot;,&quot;stop_rollover&quot;:&quot;false&quot;,&quot;cache_pages&quot;:&quot;enabled&quot;,&quot;preload_images&quot;:&quot;enabled&quot;,&quot;preload_pages&quot;:&quot;enabled&quot;,&quot;preload_reach&quot;:1,&quot;spinner&quot;:&quot;builtin&quot;,&quot;spinner_image&quot;:&quot;https:\/\/utr.txl.web-republic.de\/wp-content\/plugins\/wp-views\/embedded\/res\/img\/ajax-loader.gif&quot;,&quot;callback_next&quot;:&quot;&quot;,&quot;manage_history&quot;:&quot;enabled&quot;,&quot;has_controls_in_form&quot;:&quot;disabled&quot;,&quot;infinite_tolerance&quot;:&quot;0&quot;,&quot;max_pages&quot;:1,&quot;page&quot;:1,&quot;base_permalink&quot;:&quot;\/en\/wp-json\/wp\/v2\/pages\/6088?wpv_view_count=1943-CATTR7e2e50cfe06802f898a48e3346d6d777&amp;wpv_paged=WPV_PAGE_NUM&quot;,&quot;loop&quot;:{&quot;type&quot;:&quot;&quot;,&quot;name&quot;:&quot;&quot;,&quot;data&quot;:[],&quot;id&quot;:0}}\" data-permalink=\"\/en\/wp-json\/wp\/v2\/pages\/6088?wpv_view_count=1943-CATTR7e2e50cfe06802f898a48e3346d6d777\">\n\n\t\n\n\t\n\t\n<\/div>\n<\/div>\n\t\t\t\t\t\t<\/div>\n\t\t\t\t<\/div>\n\t\t\t\t\t<\/div>\n\t\t<\/div>\n\t\t\t\t\t<\/div>\n\t\t<\/section>\n\t\t\t\t<section class=\"elementor-section elementor-inner-section elementor-element elementor-element-d2f59c7 elementor-section-boxed elementor-section-height-default elementor-section-height-default\" data-id=\"d2f59c7\" data-element_type=\"section\">\n\t\t\t\t\t\t<div class=\"elementor-container elementor-column-gap-default\">\n\t\t\t\t\t<div class=\"elementor-column elementor-col-100 elementor-inner-column elementor-element elementor-element-80dd269\" data-id=\"80dd269\" data-element_type=\"column\">\n\t\t\t<div class=\"elementor-widget-wrap elementor-element-populated\">\n\t\t\t\t\t\t<div class=\"elementor-element elementor-element-bd2755b elementor-widget elementor-widget-shortcode\" data-id=\"bd2755b\" data-element_type=\"widget\" data-widget_type=\"shortcode.default\">\n\t\t\t\t<div class=\"elementor-widget-container\">\n\t\t\t\t\t\t\t<div class=\"elementor-shortcode\">\n\n\n<div id=\"wpv-view-layout-2539-CATTR7e2e50cfe06802f898a48e3346d6d777\" class=\"js-wpv-view-layout js-wpv-layout-responsive js-wpv-view-layout-2539-CATTR7e2e50cfe06802f898a48e3346d6d777\" data-viewnumber=\"2539-CATTR7e2e50cfe06802f898a48e3346d6d777\" data-pagination=\"{&quot;id&quot;:2539,&quot;query&quot;:&quot;normal&quot;,&quot;type&quot;:&quot;disabled&quot;,&quot;effect&quot;:&quot;fade&quot;,&quot;duration&quot;:500,&quot;speed&quot;:5,&quot;pause_on_hover&quot;:&quot;enabled&quot;,&quot;stop_rollover&quot;:&quot;false&quot;,&quot;cache_pages&quot;:&quot;enabled&quot;,&quot;preload_images&quot;:&quot;enabled&quot;,&quot;preload_pages&quot;:&quot;enabled&quot;,&quot;preload_reach&quot;:1,&quot;spinner&quot;:&quot;builtin&quot;,&quot;spinner_image&quot;:&quot;https:\/\/utr.txl.web-republic.de\/wp-content\/plugins\/wp-views\/embedded\/res\/img\/ajax-loader.gif&quot;,&quot;callback_next&quot;:&quot;&quot;,&quot;manage_history&quot;:&quot;enabled&quot;,&quot;has_controls_in_form&quot;:&quot;disabled&quot;,&quot;infinite_tolerance&quot;:&quot;0&quot;,&quot;max_pages&quot;:1,&quot;page&quot;:1,&quot;base_permalink&quot;:&quot;\/en\/wp-json\/wp\/v2\/pages\/6088?wpv_view_count=2539-CATTR7e2e50cfe06802f898a48e3346d6d777&amp;wpv_paged=WPV_PAGE_NUM&quot;,&quot;loop&quot;:{&quot;type&quot;:&quot;&quot;,&quot;name&quot;:&quot;&quot;,&quot;data&quot;:[],&quot;id&quot;:0}}\" data-permalink=\"\/en\/wp-json\/wp\/v2\/pages\/6088?wpv_view_count=2539-CATTR7e2e50cfe06802f898a48e3346d6d777\">\n\n\t\n\t\n\t\n<\/div>\n<\/div>\n\t\t\t\t\t\t<\/div>\n\t\t\t\t<\/div>\n\t\t\t\t\t<\/div>\n\t\t<\/div>\n\t\t\t\t\t<\/div>\n\t\t<\/section>\n\t\t\t\t\t<\/div>\n\t\t<\/div>\n\t\t\t\t\t<\/div>\n\t\t<\/section>\n\t\t\t\t<section class=\"elementor-section elementor-top-section elementor-element elementor-element-6904b61a elementor-section-boxed elementor-section-height-default elementor-section-height-default\" data-id=\"6904b61a\" data-element_type=\"section\" data-settings=\"{&quot;background_background&quot;:&quot;classic&quot;,&quot;shape_divider_top&quot;:&quot;tilt&quot;}\">\n\t\t\t\t\t<div class=\"elementor-shape elementor-shape-top\" aria-hidden=\"true\" data-negative=\"false\">\n\t\t\t<svg xmlns=\"http:\/\/www.w3.org\/2000\/svg\" viewBox=\"0 0 1000 100\" preserveAspectRatio=\"none\">\n\t<path class=\"elementor-shape-fill\" d=\"M0,6V0h1000v100L0,6z\"\/>\n<\/svg>\t\t<\/div>\n\t\t\t\t\t<div class=\"elementor-container elementor-column-gap-default\">\n\t\t\t\t\t<div class=\"elementor-column elementor-col-100 elementor-top-column elementor-element elementor-element-341ef1e7\" data-id=\"341ef1e7\" data-element_type=\"column\">\n\t\t\t<div class=\"elementor-widget-wrap elementor-element-populated\">\n\t\t\t\t\t\t<div class=\"elementor-element elementor-element-61b2ad71 elementor-widget elementor-widget-spacer\" data-id=\"61b2ad71\" data-element_type=\"widget\" data-widget_type=\"spacer.default\">\n\t\t\t\t<div class=\"elementor-widget-container\">\n\t\t\t\t\t\t\t<div class=\"elementor-spacer\">\n\t\t\t<div class=\"elementor-spacer-inner\"><\/div>\n\t\t<\/div>\n\t\t\t\t\t\t<\/div>\n\t\t\t\t<\/div>\n\t\t\t\t\t<\/div>\n\t\t<\/div>\n\t\t\t\t\t<\/div>\n\t\t<\/section>\n\t\t\t\t<\/div>\n\t\t","protected":false},"excerpt":{"rendered":"<p>Biodiversity Building for people Our cities continue to grow and grow. But what about nature? In Schumacher Quartier we put great emphasis on a design that gives living space to animals and right in the middle of the city. The Earth is increasingly being shaped by cities. According to UN estimates, by 2050 the populations [&hellip;]<\/p>\n","protected":false},"author":26,"featured_media":0,"parent":0,"menu_order":0,"comment_status":"closed","ping_status":"closed","template":"","meta":{"footnotes":""},"class_list":["post-6088","page","type-page","status-publish","hentry"],"_links":{"self":[{"href":"https:\/\/staging.schumacher-quartier.de\/en\/wp-json\/wp\/v2\/pages\/6088","targetHints":{"allow":["GET"]}}],"collection":[{"href":"https:\/\/staging.schumacher-quartier.de\/en\/wp-json\/wp\/v2\/pages"}],"about":[{"href":"https:\/\/staging.schumacher-quartier.de\/en\/wp-json\/wp\/v2\/types\/page"}],"author":[{"embeddable":true,"href":"https:\/\/staging.schumacher-quartier.de\/en\/wp-json\/wp\/v2\/users\/26"}],"replies":[{"embeddable":true,"href":"https:\/\/staging.schumacher-quartier.de\/en\/wp-json\/wp\/v2\/comments?post=6088"}],"version-history":[{"count":10,"href":"https:\/\/staging.schumacher-quartier.de\/en\/wp-json\/wp\/v2\/pages\/6088\/revisions"}],"predecessor-version":[{"id":7084,"href":"https:\/\/staging.schumacher-quartier.de\/en\/wp-json\/wp\/v2\/pages\/6088\/revisions\/7084"}],"wp:attachment":[{"href":"https:\/\/staging.schumacher-quartier.de\/en\/wp-json\/wp\/v2\/media?parent=6088"}],"curies":[{"name":"wp","href":"https:\/\/api.w.org\/{rel}","templated":true}]}}